{"id":44,"date":"2025-08-18T19:35:01","date_gmt":"2025-08-18T19:35:01","guid":{"rendered":"https:\/\/airepuropropiedades.cl\/?page_id=44"},"modified":"2025-09-25T20:37:53","modified_gmt":"2025-09-25T20:37:53","slug":"departamentos","status":"publish","type":"page","link":"https:\/\/airepuropropiedades.cl\/index.php\/departamentos\/","title":{"rendered":"Ventas de Departamentos"},"content":{"rendered":"\n    <div data-search-form-selector='.js-es-search:not(.es-search--ignore-ajax)'>\n\n<div class=\"es-properties js-es-properties js-es-entities-wrap es-properties--hfm--full-width\">\n    \n    <div class=\"es-properties__list\">\n\t    \n<div class=\"es-listings__wrap-inner js-es-listings__wrap-inner js-es-entities__wrap_inner et_smooth_scroll_disabled\">\n    \n    <div data-entity=\"listings\" class=\"js-es-listings js-es-entities es-listings es-listings--grid-3\" data-layout=\"es-listings--grid-3\" data-hash=\"bGF5b3V0PWdyaWQtMyZwb3N0c19wZXJfcGFnZT00MCZkaXNhYmxlX25hdmJhcj0wJnNob3dfc29ydD0xJnNob3dfdG90YWw9MSZzaG93X3BhZ2VfdGl0bGU9MSZzaG93X2xheW91dHM9MSZzb3J0PW5ld2VzdCZsaW1pdD0wJmxvb3BfdWlkPTEmcGFnZV90aXRsZT1WZW50YXMgZGUgRGVwYXJ0YW1lbnRvcyZpZ25vcmVfc2VhcmNoPTAmc2VhcmNoX2Zvcm1fc2VsZWN0b3I9LmpzLWVzLXNlYXJjaDpub3QoLmVzLXNlYXJjaC0taWdub3JlLWFqYXgpJmVuYWJsZV9zZWFyY2g9MCZzZWFyY2hfdHlwZT1zaW1wbGUmZW5hYmxlX2FqYXg9MSZ2aWV3X2FsbF9saW5rX25hbWU9VmVyIHRvZG8mZGlzYWJsZV9wYWdpbmF0aW9uPTAmd2lzaGxpc3RfY29uZmlybT0wJmhmbV9mdWxsX3dpZHRoPTEmX2lnbm9yZV9jb29yZGluYXRlcz0wJmZpZWxkc19kZWxpbWl0ZXI9LCZzdHJpY3RfYWRkcmVzcz0wJm1hcF9zaG93PTAmYXV0aG9ycz0wJmVzX2NhdGVnb3J5PTc5\">\n            <\/div>\n\t        <div class=\"es-no-found-posts\">\n\t<h2 class=\"es-no-found-posts__title heading-font\">No hay resultados\n<\/h2>\n\t<p class=\"content-font\">Ajuste su b\u00fasqueda cambiando los filtros.\n<\/p>\n    <\/div>\n        <div class='es-powered content-font'>Powered by <a target='_blank' href='https:\/\/estatik.net'>Estatik<\/a><\/div><\/div>\n    <\/div>\n    <div class=\"js-es-properties__map es-properties__map \">\n\t        <div class=\"es-map-error content-font\">\n        \u00a1UPS! Esta p\u00e1gina no carg\u00f3 Google Maps correctamente. P\u00f3ngase en contacto con el administrador para solucionar este problema.    <\/div>\n    <\/div>\n<\/div>\n\n    <\/div>\n\n\n\n\n<p><\/p>\n","protected":false},"excerpt":{"rendered":"","protected":false},"author":1,"featured_media":534,"parent":0,"menu_order":0,"comment_status":"closed","ping_status":"closed","template":"","meta":{"footnotes":""},"class_list":["post-44","page","type-page","status-publish","has-post-thumbnail","hentry"],"_links":{"self":[{"href":"https:\/\/airepuropropiedades.cl\/index.php\/wp-json\/wp\/v2\/pages\/44","targetHints":{"allow":["GET"]}}],"collection":[{"href":"https:\/\/airepuropropiedades.cl\/index.php\/wp-json\/wp\/v2\/pages"}],"about":[{"href":"https:\/\/airepuropropiedades.cl\/index.php\/wp-json\/wp\/v2\/types\/page"}],"author":[{"embeddable":true,"href":"https:\/\/airepuropropiedades.cl\/index.php\/wp-json\/wp\/v2\/users\/1"}],"replies":[{"embeddable":true,"href":"https:\/\/airepuropropiedades.cl\/index.php\/wp-json\/wp\/v2\/comments?post=44"}],"version-history":[{"count":19,"href":"https:\/\/airepuropropiedades.cl\/index.php\/wp-json\/wp\/v2\/pages\/44\/revisions"}],"predecessor-version":[{"id":640,"href":"https:\/\/airepuropropiedades.cl\/index.php\/wp-json\/wp\/v2\/pages\/44\/revisions\/640"}],"wp:featuredmedia":[{"embeddable":true,"href":"https:\/\/airepuropropiedades.cl\/index.php\/wp-json\/wp\/v2\/media\/534"}],"wp:attachment":[{"href":"https:\/\/airepuropropiedades.cl\/index.php\/wp-json\/wp\/v2\/media?parent=44"}],"curies":[{"name":"wp","href":"https:\/\/api.w.org\/{rel}","templated":true}]}}